{"id":2923,"date":"2023-01-30T14:48:04","date_gmt":"2023-01-30T14:48:04","guid":{"rendered":"https:\/\/proxxter.de\/beskyttelse-af-data\/"},"modified":"2024-09-13T11:59:21","modified_gmt":"2024-09-13T11:59:21","slug":"beskyttelse-af-data","status":"publish","type":"page","link":"https:\/\/proxxter.de\/da\/beskyttelse-af-data\/","title":{"rendered":"Beskyttelse af data"},"content":{"rendered":"<div class=\"fusion-fullwidth fullwidth-box fusion-builder-row-1 fusion-flex-container nonhundred-percent-fullwidth non-hundred-percent-height-scrolling\" style=\"--awb-border-radius-top-left:0px;--awb-border-radius-top-right:0px;--awb-border-radius-bottom-right:0px;--awb-border-radius-bottom-left:0px;--awb-flex-wrap:wrap;\" ><div class=\"fusion-builder-row fusion-row fusion-flex-align-items-flex-start fusion-flex-content-wrap\" style=\"max-width:1393.6px;margin-left: calc(-4% \/ 2 );margin-right: calc(-4% \/ 2 );\"><div class=\"fusion-layout-column fusion_builder_column fusion-builder-column-0 fusion_builder_column_1_1 1_1 fusion-flex-column\" style=\"--awb-bg-size:cover;--awb-width-large:100%;--awb-margin-top-large:0px;--awb-spacing-right-large:1.92%;--awb-margin-bottom-large:0px;--awb-spacing-left-large:1.92%;--awb-width-medium:100%;--awb-spacing-right-medium:1.92%;--awb-spacing-left-medium:1.92%;--awb-width-small:100%;--awb-spacing-right-small:1.92%;--awb-spacing-left-small:1.92%;\"><div class=\"fusion-column-wrapper fusion-flex-justify-content-flex-start fusion-content-layout-column\"><div class=\"fusion-text fusion-text-1 datenschutz\"><h1>POLITIK FOR BESKYTTELSE AF PERSONLIGE OPLYSNINGER<\/h1>\n<h2>1. Databeskyttelse i korte tr\u00e6k<\/h2>\n<h3>Generel information<\/h3>\n<p>F\u00f8lgende oplysninger giver et enkelt overblik over, hvad der sker med dine personlige data, n\u00e5r du bes\u00f8ger dette websted.<br \/>\nPersonlige data er alle data, der kan bruges til at identificere dig personligt.<br \/>\nDetaljerede oplysninger om emnet databeskyttelse kan findes i vores databeskyttelseserkl\u00e6ring, der er anf\u00f8rt under denne tekst.  <\/p>\n<h3>Dataindsamling p\u00e5 denne hjemmeside<\/h3>\n<h4>Hvem er ansvarlig for dataindsamlingen p\u00e5 denne hjemmeside?<\/h4>\n<p>Databehandling p\u00e5 dette websted udf\u00f8res af webstedets operat\u00f8r.<br \/>\nDu kan finde operat\u00f8rens kontaktoplysninger i afsnittet &#8220;Oplysninger om den dataansvarlige&#8221; i denne privatlivspolitik. <\/p>\n<h4>Hvordan indsamler vi dine data?<\/h4>\n<p>P\u00e5 den ene side indsamles dine data, n\u00e5r du giver dem til os.<br \/>\nDet kan f.eks. v\u00e6re data, som du indtaster i en kontaktformular. <\/p>\n<p>Andre data indsamles automatisk eller med dit samtykke af vores IT-systemer, n\u00e5r du bes\u00f8ger hjemmesiden.<br \/>\nDette er prim\u00e6rt tekniske data (f.eks. internetbrowser, operativsystem eller tidspunkt for sidevisning).<br \/>\nDisse data indsamles automatisk, s\u00e5 snart du g\u00e5r ind p\u00e5 denne hjemmeside.  <\/p>\n<h4>Hvad bruger vi dine data til?<\/h4>\n<p>Nogle af dataene indsamles for at sikre, at hjemmesiden leveres uden fejl.<br \/>\nAndre data kan bruges til at analysere din brugeradf\u00e6rd. <\/p>\n<h4>Hvilke rettigheder har du i forhold til dine data?<\/h4>\n<p>Du har til enhver tid ret til gratis at modtage oplysninger om oprindelsen, modtageren og form\u00e5let med dine lagrede persondata.<br \/>\nDu har ogs\u00e5 ret til at anmode om rettelse eller sletning af disse data.<br \/>\nHvis du har givet dit samtykke til databehandling, kan du til enhver tid tilbagekalde dette samtykke for fremtiden.<br \/>\nDu har ogs\u00e5 ret til at anmode om begr\u00e6nsning af behandlingen af dine personoplysninger under visse omst\u00e6ndigheder.<br \/>\nDesuden har du ret til at indgive en klage til den kompetente tilsynsmyndighed.    <\/p>\n<p>Du kan til enhver tid kontakte os, hvis du har yderligere sp\u00f8rgsm\u00e5l om databeskyttelse.<\/p>\n<h2>2. Hosting og indholdsleveringsnetv\u00e6rk (CDN)<\/h2>\n<h3>Ekstern hosting<\/h3>\n<p>Dette websted hostes af en ekstern tjenesteudbyder (hoster).<br \/>\nDe personlige data, der indsamles p\u00e5 dette websted, gemmes p\u00e5 hosterens servere.<br \/>\nDette kan omfatte IP-adresser, kontaktanmodninger, meta- og kommunikationsdata, kontraktdata, kontaktoplysninger, navne, webstedsadgang og andre data, der genereres via et websted.  <\/p>\n<p>Hosteren bruges med henblik p\u00e5 at opfylde kontrakten med vores potentielle og eksisterende kunder (art. 6, stk. 1, litra b, i GDPR) og af hensyn til en sikker, hurtig og effektiv levering af vores onlinetilbud fra en professionel udbyder (art. 6, stk. 1, litra f, i GDPR).<\/p>\n<p>Vores hoster vil kun behandle dine data i det omfang, det er n\u00f8dvendigt for at opfylde sine forpligtelser og f\u00f8lge vores instruktioner med hensyn til disse data.<\/p>\n<p>Vi bruger f\u00f8lgende hoster:<\/p>\n<p>[Name und vollst\u00e4ndige Anschrift des Hosters]<\/p>\n<h2>3 Generelle bem\u00e6rkninger og obligatoriske oplysninger<\/h2>\n<h3>Beskyttelse af data<\/h3>\n<p>Operat\u00f8rerne af disse sider tager beskyttelsen af dine personlige data meget alvorligt.<br \/>\nVi behandler dine personlige data fortroligt og i overensstemmelse med de lovbestemte databeskyttelsesbestemmelser og denne privatlivspolitik. <\/p>\n<p>N\u00e5r du bruger dette websted, indsamles der forskellige personoplysninger.<br \/>\nPersondata er data, der kan bruges til at identificere dig personligt.<br \/>\nDenne privatlivspolitik forklarer, hvilke data vi indsamler, og hvad vi bruger dem til.<br \/>\nDen forklarer ogs\u00e5, hvordan og til hvilket form\u00e5l dette g\u00f8res.   <\/p>\n<p>Vi g\u00f8r opm\u00e6rksom p\u00e5, at dataoverf\u00f8rsler via internettet (f.eks. ved kommunikation via e-mail) kan v\u00e6re beh\u00e6ftet med sikkerhedsbrister.<br \/>\nFuldst\u00e6ndig beskyttelse af data mod adgang fra tredjeparter er ikke mulig. <\/p>\n<h3>Note om det ansvarlige organ<\/h3>\n<p>Den ansvarlige for databehandlingen p\u00e5 dette websted er<\/p>\n<p>GTK Gewindetechnik Kleymann GmbH &amp; Co KG Hobelstr. 1 49757 Werlte<\/p>\n<p>Telefon: 0 59 51 99 50 9-0 E-mail: info@kleymann-werlte.de<\/p>\n<p>Den dataansvarlige er den fysiske eller juridiske person, der alene eller sammen med andre bestemmer form\u00e5let med og midlerne til behandling af personoplysninger (f.eks. navne, e-mailadresser osv.).<\/p>\n<h3>Varighed af opbevaring<\/h3>\n<p>Medmindre der er angivet en mere specifik opbevaringsperiode i denne privatlivspolitik, vil dine personoplysninger forblive hos os, indtil form\u00e5let med databehandlingen ikke l\u00e6ngere g\u00e6lder.<br \/>\nHvis du frems\u00e6tter en berettiget anmodning om sletning eller tilbagekalder dit samtykke til databehandling, vil dine data blive slettet, medmindre vi har andre juridisk tilladte grunde til at opbevare dine personlige data (f.eks. opbevaringsperioder i henhold til skatte- eller handelslovgivning); i sidstn\u00e6vnte tilf\u00e6lde vil sletningen finde sted, n\u00e5r disse grunde ikke l\u00e6ngere er g\u00e6ldende. <\/p>\n<h3>Bem\u00e6rkning om dataoverf\u00f8rsel til USA<\/h3>\n<p>P\u00e5 vores hjemmeside er der blandt andet integreret v\u00e6rkt\u00f8jer fra virksomheder med base i USA.<br \/>\nHvis disse v\u00e6rkt\u00f8jer er aktive, kan dine personlige data blive overf\u00f8rt til de respektive virksomheders amerikanske servere.<br \/>\nVi vil gerne g\u00f8re opm\u00e6rksom p\u00e5, at USA ikke er et sikkert tredjeland i henhold til EU&#8217;s databeskyttelseslovgivning.<br \/>\nAmerikanske virksomheder er forpligtet til at udlevere personoplysninger til sikkerhedsmyndigheder, uden at du som registreret har mulighed for at gribe ind over for dette.<br \/>\nDet kan derfor ikke udelukkes, at amerikanske myndigheder (f.eks. efterretningstjenester) kan behandle, analysere og permanent opbevare dine data p\u00e5 amerikanske servere til overv\u00e5gningsform\u00e5l.<br \/>\nVi har ingen indflydelse p\u00e5 disse behandlingsaktiviteter.     <\/p>\n<h3>Tilbagekaldelse af dit samtykke til databehandling<\/h3>\n<p>Mange databehandlingsoperationer er kun mulige med dit udtrykkelige samtykke.<br \/>\nDu kan til enhver tid tr\u00e6kke dit samtykke tilbage.<br \/>\nLovligheden af den databehandling, der er udf\u00f8rt indtil tilbagekaldelsen, forbliver up\u00e5virket af tilbagekaldelsen.  <\/p>\n<h3>Ret til at g\u00f8re indsigelse mod indsamling af data i s\u00e6rlige tilf\u00e6lde og mod direkte markedsf\u00f8ring (art. 21 GDPR)<\/h3>\n<p>HVIS DATABEHANDLINGEN ER BASERET P\u00c5 ART. 6 ABS.<br \/>\n1 LIT.<br \/>\nE ELLER F GDPR, HAR DU TIL ENHVER TID RET TIL AT G\u00d8RE INDSIGELSE MOD BEHANDLINGEN AF DINE PERSONOPLYSNINGER AF GRUNDE, DER VEDR\u00d8RER DIN S\u00c6RLIGE SITUATION; DETTE G\u00c6LDER OGS\u00c5 FOR PROFILERING BASERET P\u00c5 DISSE BESTEMMELSER.<br \/>\nDET RESPEKTIVE RETSGRUNDLAG, SOM BEHANDLINGEN ER BASERET P\u00c5, KAN FINDES I DENNE PRIVATLIVSPOLITIK.<br \/>\nHVIS DU G\u00d8R INDSIGELSE, VIL VI IKKE L\u00c6NGERE BEHANDLE DINE PERSONOPLYSNINGER, MEDMINDRE VI KAN P\u00c5VISE TVINGENDE LEGITIME GRUNDE TIL BEHANDLINGEN, SOM G\u00c5R FORUD FOR DINE INTERESSER, RETTIGHEDER OG FRIHEDER, ELLER BEHANDLINGEN TJENER TIL AT FASTL\u00c6GGE, UD\u00d8VE ELLER FORSVARE RETSKRAV (INDSIGELSE I HENHOLD TIL ART. 21, STK. 1, I GDPR).    <\/p>\n<p>HVIS DINE PERSONOPLYSNINGER BEHANDLES MED HENBLIK P\u00c5 DIREKTE MARKEDSF\u00d8RING, HAR DU TIL ENHVER TID RET TIL AT G\u00d8RE INDSIGELSE MOD BEHANDLINGEN AF PERSONOPLYSNINGER OM DIG MED HENBLIK P\u00c5 S\u00c5DAN MARKEDSF\u00d8RING; DETTE G\u00c6LDER OGS\u00c5 FOR PROFILERING I DET OMFANG, DET ER RELATERET TIL S\u00c5DAN DIREKTE MARKEDSF\u00d8RING.<br \/>\nHVIS DU G\u00d8R INDSIGELSE, VIL DINE PERSONOPLYSNINGER EFTERF\u00d8LGENDE IKKE L\u00c6NGERE BLIVE BRUGT TIL DIREKTE MARKEDSF\u00d8RING (INDSIGELSE I HENHOLD TIL ART. 21, STK. 2, I GDPR). <\/p>\n<h3>Ret til at indgive en klage til den kompetente tilsynsmyndighed<\/h3>\n<p>I tilf\u00e6lde af overtr\u00e6delser af GDPR har de registrerede ret til at indgive en klage til en tilsynsmyndighed, navnlig i den medlemsstat, hvor de har deres s\u00e6dvanlige opholdssted, arbejdssted eller det sted, hvor den p\u00e5st\u00e5ede overtr\u00e6delse fandt sted.<br \/>\nRetten til at indgive en klage ber\u00f8rer ikke andre administrative eller retlige midler. <\/p>\n<h3>Ret til dataportabilitet<\/h3>\n<p>Du har ret til at f\u00e5 data, som vi behandler automatisk p\u00e5 grundlag af dit samtykke eller til opfyldelse af en kontrakt, udleveret til dig eller til en tredjepart i et almindeligt anvendt, maskinl\u00e6sbart format.<br \/>\nHvis du anmoder om direkte overf\u00f8rsel af data til en anden dataansvarlig, vil dette kun finde sted, hvis det er teknisk muligt. <\/p>\n<h3>SSL- eller TLS-kryptering<\/h3>\n<p>Dette websted bruger SSL- eller TLS-kryptering af sikkerhedsm\u00e6ssige \u00e5rsager og for at beskytte overf\u00f8rslen af fortroligt indhold, s\u00e5som ordrer eller foresp\u00f8rgsler, som du sender til os som webstedsoperat\u00f8r.<br \/>\nDu kan genkende en krypteret forbindelse ved, at adresselinjen i browseren skifter fra &#8220;http:\/\/&#8221; til &#8220;https:\/\/&#8221; og ved l\u00e5sesymbolet i din browserlinje. <\/p>\n<p>Hvis SSL- eller TLS-kryptering er aktiveret, kan de data, du sender til os, ikke l\u00e6ses af tredjeparter.<\/p>\n<h3>Information, sletning og rettelse<\/h3>\n<p>Inden for rammerne af de g\u00e6ldende lovbestemmelser har du til enhver tid ret til gratis information om dine lagrede personoplysninger, deres oprindelse og modtager og form\u00e5let med databehandlingen og om n\u00f8dvendigt ret til korrektion eller sletning af disse data.<br \/>\nDu kan til enhver tid kontakte os, hvis du har yderligere sp\u00f8rgsm\u00e5l om persondata. <\/p>\n<h3>Ret til begr\u00e6nsning af behandling<\/h3>\n<p>Du har ret til at anmode om begr\u00e6nsning af behandlingen af dine personoplysninger.<br \/>\nDu kan til enhver tid kontakte os for at g\u00f8re dette.<br \/>\nRetten til begr\u00e6nsning af behandling findes i f\u00f8lgende tilf\u00e6lde:  <\/p>\n<ul>\n<li>Hvis du bestrider n\u00f8jagtigheden af dine personlige data, som vi har gemt, har vi generelt brug for tid til at kontrollere dette.<br \/>\nS\u00e5 l\u00e6nge gennemgangen varer, har du ret til at anmode om, at behandlingen af dine personoplysninger begr\u00e6nses. <\/li>\n<li>Hvis behandlingen af dine personoplysninger var\/er ulovlig, kan du anmode om begr\u00e6nsning af databehandlingen i stedet for sletning.<\/li>\n<li>Hvis vi ikke l\u00e6ngere har brug for dine personoplysninger, men du har brug for dem til at ud\u00f8ve, forsvare eller h\u00e6vde juridiske krav, har du ret til at anmode om begr\u00e6nsning af behandlingen af dine personoplysninger i stedet for sletning.<\/li>\n<li>Hvis du har gjort indsigelse i henhold til art. 21, stk.<br \/>\n1 i GDPR, skal der foretages en afvejning mellem dine og vores interesser.<br \/>\nS\u00e5 l\u00e6nge det endnu ikke er afgjort, hvis interesser der g\u00e5r forud, har du ret til at anmode om begr\u00e6nsning af behandlingen af dine personoplysninger.  <\/li>\n<\/ul>\n<p>Hvis du har begr\u00e6nset behandlingen af dine personlige data, m\u00e5 disse data &#8211; bortset fra opbevaring &#8211; kun behandles med dit samtykke eller til etablering, ud\u00f8velse eller forsvar af juridiske krav eller til beskyttelse af en anden fysisk eller juridisk persons rettigheder eller af hensyn til vigtige offentlige interesser i Den Europ\u00e6iske Union eller i en medlemsstat.<\/p>\n<h2>4. Dataindsamling p\u00e5 denne hjemmeside<\/h2>\n<h3>Kontaktformular<\/h3>\n<p>Hvis du sender os foresp\u00f8rgsler via kontaktformularen, gemmer vi dine oplysninger fra foresp\u00f8rgselsformularen, herunder de kontaktoplysninger, du angiver der, med henblik p\u00e5 at behandle foresp\u00f8rgslen og i tilf\u00e6lde af opf\u00f8lgende sp\u00f8rgsm\u00e5l.<br \/>\nVi videregiver ikke disse oplysninger uden dit samtykke. <\/p>\n<p>Disse data behandles p\u00e5 grundlag af artikel 6, stk.<br \/>\n1 lit.<br \/>\nb GDPR, forudsat at din foresp\u00f8rgsel er relateret til opfyldelsen af en kontrakt eller er n\u00f8dvendig for gennemf\u00f8relsen af foranstaltninger forud for kontraktindg\u00e5elsen.<br \/>\nI alle andre tilf\u00e6lde er behandlingen baseret p\u00e5 vores legitime interesse i en effektiv behandling af de henvendelser, der er rettet til os (art. 6, stk. 1, litra f i GDPR), eller p\u00e5 dit samtykke (art. 6, stk. 1, litra a i GDPR), hvis du er blevet bedt om det.   <\/p>\n<p>Vi opbevarer de data, du angiver i kontaktformularen, indtil du beder om at f\u00e5 dem slettet, tilbagekalder dit samtykke til opbevaring, eller form\u00e5let med opbevaringen ikke l\u00e6ngere er relevant (f.eks. efter opfyldelse af din anmodning).<br \/>\nObligatoriske lovbestemmelser &#8211; is\u00e6r opbevaringsperioder &#8211; forbliver up\u00e5virket. <\/p>\n<h3>Foresp\u00f8rgsel via e-mail, telefon eller fax<\/h3>\n<p>Hvis du kontakter os via e-mail, telefon eller fax, vil din henvendelse inklusive alle personlige data (navn, foresp\u00f8rgsel) blive gemt og behandlet af os med henblik p\u00e5 at behandle din anmodning.<br \/>\nVi videregiver ikke disse data uden dit samtykke. <\/p>\n<p>Disse data behandles p\u00e5 grundlag af artikel 6, stk.<br \/>\n1 lit.<br \/>\nb GDPR, forudsat at din foresp\u00f8rgsel er relateret til opfyldelsen af en kontrakt eller er n\u00f8dvendig for gennemf\u00f8relsen af foranstaltninger forud for kontraktindg\u00e5elsen.<br \/>\nI alle andre tilf\u00e6lde er behandlingen baseret p\u00e5 vores legitime interesse i en effektiv behandling af de henvendelser, der er rettet til os (art. 6, stk. 1, litra f i GDPR), eller p\u00e5 dit samtykke (art. 6, stk. 1, litra a i GDPR), hvis du er blevet bedt om det.   <\/p>\n<p>De data, du sender til os via kontaktanmodninger, forbliver hos os, indtil du beder os om at slette dem, tilbagekalder dit samtykke til opbevaring, eller form\u00e5let med datalagring ikke l\u00e6ngere g\u00e6lder (f.eks. efter at din anmodning er blevet behandlet).<br \/>\nObligatoriske lovbestemmelser &#8211; is\u00e6r lovbestemte opbevaringsperioder &#8211; forbliver up\u00e5virket. <\/p>\n<h2>5. Plugins og v\u00e6rkt\u00f8jer<\/h2>\n<h3>Google Web Fonts (lokal hosting)<\/h3>\n<p>Dette websted bruger s\u00e5kaldte webfonte, der leveres af Google, til standardiseret visning af skrifttyper.<br \/>\nGoogle-skrifttyperne er installeret lokalt.<br \/>\nDer er ingen forbindelse til Googles servere.  <\/p>\n<p>Yderligere oplysninger om Google Web Fonts kan findes p\u00e5 <a href=\"https:\/\/developers.google.com\/fonts\/faq\" target=\"_blank\" rel=\"noopener noreferrer\">https:\/\/developers.google.com\/fonts\/faq<\/a> og i Googles privatlivspolitik: <a href=\"https:\/\/policies.google.com\/privacy?hl=de\" target=\"_blank\" rel=\"noopener noreferrer\">https:\/\/policies.google.com\/privacy?hl=de.<\/a><\/p>\n<h3>Google Maps<\/h3>\n<p>Dette websted bruger korttjenesten Google Maps.<br \/>\nUdbyderen er Google Ireland Limited (&#8220;Google&#8221;), Gordon House, Barrow Street, Dublin 4, Irland. <\/p>\n<p>For at bruge funktionerne i Google Maps er det n\u00f8dvendigt at gemme din IP-adresse.<br \/>\nDisse oplysninger overf\u00f8res normalt til en Google-server i USA og gemmes der.<br \/>\nUdbyderen af dette websted har ingen indflydelse p\u00e5 denne dataoverf\u00f8rsel.  <\/p>\n<p>Brugen af Google Maps er i interesse for en tiltalende pr\u00e6sentation af vores onlinetilbud og for at g\u00f8re det nemt at finde de steder, vi har angivet p\u00e5 hjemmesiden.<br \/>\nDette udg\u00f8r en legitim interesse i henhold til artikel 6, stk.<br \/>\n1 lit.<br \/>\nf GDPR.<br \/>\nHvis der er anmodet om et tilsvarende samtykke, udf\u00f8res behandlingen udelukkende p\u00e5 grundlag af art. 6, stk.<br \/>\n1 lit.<br \/>\na GDPR; samtykke kan til enhver tid tilbagekaldes.      <\/p>\n<p>Dataoverf\u00f8rsel til USA er baseret p\u00e5 EU-Kommissionens standardkontraktbestemmelser.<br \/>\nDetaljer kan findes her: <a href=\"https:\/\/privacy.google.com\/businesses\/gdprcontrollerterms\/\" target=\"_blank\" rel=\"noopener noreferrer\">https:\/\/privacy.google.com\/businesses\/gdprcontrollerterms\/<\/a> og <a href=\"https:\/\/privacy.google.com\/businesses\/gdprcontrollerterms\/sccs\/\" target=\"_blank\" rel=\"noopener noreferrer\">https:\/\/privacy.google.com\/businesses\/gdprcontrollerterms\/sccs\/<\/a> <a href=\"https:\/\/privacy.google.com\/businesses\/gdprcontrollerterms\/\" target=\"_blank\" rel=\"noopener noreferrer\">.<\/a>  <\/p>\n<p>Du kan finde flere oplysninger om h\u00e5ndteringen af brugerdata i Googles privatlivspolitik: <a href=\"https:\/\/policies.google.com\/privacy?hl=de\" target=\"_blank\" rel=\"noopener noreferrer\">https:\/\/policies.google.com\/privacy?hl=de.<\/a><\/p>\n<\/div><\/div><\/div><\/div><\/div>\n","protected":false},"excerpt":{"rendered":"","protected":false},"author":1,"featured_media":0,"parent":0,"menu_order":0,"comment_status":"closed","ping_status":"open","template":"","meta":{"footnotes":""},"class_list":["post-2923","page","type-page","status-publish","hentry"],"_links":{"self":[{"href":"https:\/\/proxxter.de\/da\/wp-json\/wp\/v2\/pages\/2923","targetHints":{"allow":["GET"]}}],"collection":[{"href":"https:\/\/proxxter.de\/da\/wp-json\/wp\/v2\/pages"}],"about":[{"href":"https:\/\/proxxter.de\/da\/wp-json\/wp\/v2\/types\/page"}],"author":[{"embeddable":true,"href":"https:\/\/proxxter.de\/da\/wp-json\/wp\/v2\/users\/1"}],"replies":[{"embeddable":true,"href":"https:\/\/proxxter.de\/da\/wp-json\/wp\/v2\/comments?post=2923"}],"version-history":[{"count":1,"href":"https:\/\/proxxter.de\/da\/wp-json\/wp\/v2\/pages\/2923\/revisions"}],"predecessor-version":[{"id":2926,"href":"https:\/\/proxxter.de\/da\/wp-json\/wp\/v2\/pages\/2923\/revisions\/2926"}],"wp:attachment":[{"href":"https:\/\/proxxter.de\/da\/wp-json\/wp\/v2\/media?parent=2923"}],"curies":[{"name":"wp","href":"https:\/\/api.w.org\/{rel}","templated":true}]}}