{"id":2682,"date":"2023-02-01T07:50:27","date_gmt":"2023-02-01T07:50:27","guid":{"rendered":"https:\/\/proxxter.de\/paatryk\/"},"modified":"2024-11-04T09:43:38","modified_gmt":"2024-11-04T09:43:38","slug":"paatryk","status":"publish","type":"page","link":"https:\/\/proxxter.de\/da\/paatryk\/","title":{"rendered":"P\u00e5tryk"},"content":{"rendered":"<div class=\"fusion-fullwidth fullwidth-box fusion-builder-row-1 fusion-flex-container has-pattern-background has-mask-background nonhundred-percent-fullwidth non-hundred-percent-height-scrolling\" style=\"--awb-border-radius-top-left:0px;--awb-border-radius-top-right:0px;--awb-border-radius-bottom-right:0px;--awb-border-radius-bottom-left:0px;--awb-flex-wrap:wrap;\" ><div class=\"fusion-builder-row fusion-row fusion-flex-align-items-flex-start fusion-flex-content-wrap\" style=\"max-width:1393.6px;margin-left: calc(-4% \/ 2 );margin-right: calc(-4% \/ 2 );\"><div class=\"fusion-layout-column fusion_builder_column fusion-builder-column-0 fusion_builder_column_1_1 1_1 fusion-flex-column\" style=\"--awb-bg-size:cover;--awb-width-large:100%;--awb-margin-top-large:0px;--awb-spacing-right-large:1.92%;--awb-margin-bottom-large:20px;--awb-spacing-left-large:1.92%;--awb-width-medium:100%;--awb-order-medium:0;--awb-spacing-right-medium:1.92%;--awb-spacing-left-medium:1.92%;--awb-width-small:100%;--awb-order-small:0;--awb-spacing-right-small:1.92%;--awb-spacing-left-small:1.92%;\"><div class=\"fusion-column-wrapper fusion-column-has-shadow fusion-flex-justify-content-flex-start fusion-content-layout-column\"><div class=\"fusion-text fusion-text-1 datenschutz\"><h1 class=\"fusion-responsive-typography-calculated\" style=\"--fontsize: 64; line-height: 1.2;\" data-fontsize=\"64\" data-lineheight=\"76.8px\">IMPRINT<\/h1>\n<h2 class=\"fusion-responsive-typography-calculated\" style=\"--fontsize: 25.2; line-height: 1.2; --minfontsize: 25.2;\" data-fontsize=\"25.2\" data-lineheight=\"30.24px\"><span style=\"color: var(--awb-text-color); font-family: var(--awb-text-font-family); font-size: var(--awb-font-size); font-style: var(--awb-text-font-style); font-weight: var(--awb-text-font-weight); letter-spacing: var(--awb-letter-spacing); text-align: var(--awb-content-alignment); text-transform: var(--awb-text-transform); background-color: var(--awb-bg-color);\">PROXXTER<\/span><\/h2>\n<p>Gesellschaft f\u00fcr Sicherheit am Bau<br \/>\nHobelstr. <span style=\"color: var(--awb-text-color); font-family: var(--awb-text-font-family); font-size: var(--awb-font-size); font-style: var(--awb-text-font-style); font-weight: var(--awb-text-font-weight); letter-spacing: var(--awb-letter-spacing); text-align: var(--awb-content-alignment); text-transform: var(--awb-text-transform); background-color: var(--awb-bg-color-hover);\">1<br \/>\n<\/span><span style=\"color: var(--awb-text-color); font-family: var(--awb-text-font-family); font-size: var(--awb-font-size); font-style: var(--awb-text-font-style); font-weight: var(--awb-text-font-weight); letter-spacing: var(--awb-letter-spacing); text-align: var(--awb-content-alignment); text-transform: var(--awb-text-transform); background-color: var(--awb-bg-color-hover);\"><span style=\"color: var(--awb-text-color); font-family: var(--awb-text-font-family); font-size: var(--awb-font-size); font-style: var(--awb-text-font-style); font-weight: var(--awb-text-font-weight); letter-spacing: var(--awb-letter-spacing); text-align: var(--awb-content-alignment); text-transform: var(--awb-text-transform); background-color: var(--awb-bg-color-hover);\">49757 Werlte<\/span><\/span><\/p>\n<p><span style=\"color: var(--awb-text-color); font-family: var(--awb-text-font-family); font-size: var(--awb-font-size); font-style: var(--awb-text-font-style); letter-spacing: var(--awb-letter-spacing); text-align: var(--awb-content-alignment); text-transform: var(--awb-text-transform); background-color: var(--awb-bg-color-hover);\"><b>Repr\u00e6senteret af:<br \/>\n<\/b><\/span><span style=\"font-weight: var(--awb-text-font-weight); letter-spacing: var(--awb-letter-spacing); font-family: var(--awb-text-font-family); background-color: var(--awb-bg-color); color: var(--awb-text-color); font-style: var(--awb-text-font-style); text-align: var(--awb-content-alignment); text-transform: var(--awb-text-transform); font-size: var(--awb-font-size);\">Dipl.-Kfm. Ansgar Kleymann<\/span><\/p>\n<p><span style=\"color: var(--h2_typography-color); font-style: var(--h2_typography-font-style,normal); text-transform: var(--h2_typography-text-transform); text-align: var(--awb-content-alignment); background-color: var(--awb-bg-color-hover);\"><span style=\"font-family: var(--h2_typography-font-family);\"><span style=\"font-size: 1.4em; font-weight: var(--h2_typography-font-weight); letter-spacing: var(--h2_typography-letter-spacing);\">Kontakt<\/span><\/span><span style=\"font-family: Montserrat, Arial, Helvetica, sans-serif;\"><span style=\"font-size: 25.2px; letter-spacing: -0.63px;\"><b><br \/>\n<\/b><\/span><\/span><\/span><span style=\"color: var(--awb-text-color); font-family: var(--awb-text-font-family); font-size: var(--awb-font-size); font-style: var(--awb-text-font-style); font-weight: var(--awb-text-font-weight); letter-spacing: var(--awb-letter-spacing); text-align: var(--awb-content-alignment); text-transform: var(--awb-text-transform); background-color: var(--awb-bg-color-hover);\">Telefon: 0 59 51 99 50 9-0<br \/>\n<\/span><span style=\"color: var(--awb-text-color); font-family: var(--awb-text-font-family); font-size: var(--awb-font-size); font-style: var(--awb-text-font-style); font-weight: var(--awb-text-font-weight); letter-spacing: var(--awb-letter-spacing); text-align: var(--awb-content-alignment); text-transform: var(--awb-text-transform); background-color: var(--awb-bg-color-hover);\">E-mail: info@proxxter.de<\/span><\/p>\n<h2 class=\"fusion-responsive-typography-calculated\" style=\"--fontsize: 25.2; line-height: 1.2; --minfontsize: 25.2;\" data-fontsize=\"25.2\" data-lineheight=\"30.24px\">Salgsafgifts-ID<\/h2>\n<p>Merv\u00e6rdiafgifts-identifikationsnummer i henhold til \u00a7 27 a i merv\u00e6rdiafgiftsloven: DE308621525<\/p>\n<h2 class=\"fusion-responsive-typography-calculated\" style=\"--fontsize: 25.2; line-height: 1.2; --minfontsize: 25.2;\" data-fontsize=\"25.2\" data-lineheight=\"30.24px\"><span style=\"color: var(--h2_typography-color); font-family: var(--h2_typography-font-family); font-size: 1.4em; font-style: var(--h2_typography-font-style,normal); font-weight: var(--h2_typography-font-weight); letter-spacing: var(--h2_typography-letter-spacing); text-transform: var(--h2_typography-text-transform); text-align: var(--awb-content-alignment); background-color: var(--awb-bg-color);\">Center for l\u00f8sning af forbrugertvister\/universel voldgift<\/span><\/h2>\n<p>Vi er ikke villige eller forpligtede til at deltage i tvistbil\u00e6ggelsesprocedurer ved et forbrugervoldgiftsn\u00e6vn.<\/p>\n<h3 class=\"fusion-responsive-typography-calculated\" style=\"--fontsize: 21.6; line-height: 1.2; --minfontsize: 21.6;\" data-fontsize=\"21.6\" data-lineheight=\"25.92px\">Ansvar for indhold<\/h3>\n<p>Som tjenesteudbyder er vi ansvarlige i henhold til \u00a7 7 Abs.1<br \/>\nTMG er vi ansvarlige for vores eget indhold p\u00e5 disse sider i overensstemmelse med de generelle love.<br \/>\nI henhold til \u00a7\u00a7 8 til 10 TMG er vi som tjenesteudbyder dog ikke forpligtet til at overv\u00e5ge transmitterede eller lagrede tredjepartsoplysninger eller til at unders\u00f8ge omst\u00e6ndigheder, der tyder p\u00e5 ulovlig aktivitet.<\/p>\n<p>Forpligtelser til at fjerne eller blokere brugen af oplysninger i overensstemmelse med generel lovgivning forbliver up\u00e5virket af dette.<br \/>\nAnsvar i denne henseende er dog kun muligt fra det tidspunkt, hvor vi bliver opm\u00e6rksomme p\u00e5 en specifik overtr\u00e6delse.<br \/>\nS\u00e5 snart vi bliver opm\u00e6rksomme p\u00e5 s\u00e5danne overtr\u00e6delser, vil vi straks fjerne dette indhold.<\/p>\n<h3 class=\"fusion-responsive-typography-calculated\" style=\"--fontsize: 21.6; line-height: 1.2; --minfontsize: 21.6;\" data-fontsize=\"21.6\" data-lineheight=\"25.92px\">Ansvar for links<\/h3>\n<p>Vores hjemmeside indeholder links til eksterne tredjepartswebsteder, hvis indhold vi ikke har nogen indflydelse p\u00e5.<br \/>\nDerfor kan vi ikke p\u00e5tage os noget ansvar for dette tredjepartsindhold.<br \/>\nDen respektive udbyder eller operat\u00f8r af siderne er altid ansvarlig for indholdet af de linkede sider.<br \/>\nDe linkede sider blev kontrolleret for mulige lovovertr\u00e6delser p\u00e5 tidspunktet for linket.<br \/>\nUlovligt indhold kunne ikke genkendes p\u00e5 tidspunktet for sammenk\u00e6dningen.<\/p>\n<p>En permanent overv\u00e5gning af indholdet p\u00e5 de linkede sider er dog ikke rimelig uden konkrete beviser for en overtr\u00e6delse.<br \/>\nHvis vi bliver opm\u00e6rksomme p\u00e5 lovovertr\u00e6delser, vil vi straks fjerne s\u00e5danne links.<\/p>\n<h3 class=\"fusion-responsive-typography-calculated\" style=\"--fontsize: 21.6; line-height: 1.2; --minfontsize: 21.6;\" data-fontsize=\"21.6\" data-lineheight=\"25.92px\">Ophavsret<\/h3>\n<p>Indholdet og v\u00e6rkerne, der er skabt af webstedsoperat\u00f8rerne p\u00e5 disse sider, er underlagt tysk lov om ophavsret.<br \/>\nReproduktion, redigering, distribution og enhver form for anvendelse uden for gr\u00e6nserne af ophavsretsloven kr\u00e6ver skriftligt samtykke fra den respektive forfatter eller skaber.<br \/>\nDownloads og kopier af dette websted er kun tilladt til privat, ikke-kommerciel brug.<\/p>\n<p>For s\u00e5 vidt som indholdet p\u00e5 dette websted ikke er oprettet af operat\u00f8ren, respekteres tredjeparts ophavsret.<br \/>\nIs\u00e6r er tredjepartsindhold m\u00e6rket som s\u00e5dan.<br \/>\nHvis du alligevel bliver opm\u00e6rksom p\u00e5 en kr\u00e6nkelse af ophavsretten, bedes du informere os herom.<br \/>\nHvis vi bliver opm\u00e6rksomme p\u00e5 overtr\u00e6delser, vil vi straks fjerne s\u00e5dant indhold.<\/p>\n<\/div><\/div><\/div><\/div><\/div>\n","protected":false},"excerpt":{"rendered":"","protected":false},"author":1,"featured_media":0,"parent":0,"menu_order":0,"comment_status":"closed","ping_status":"closed","template":"","meta":{"footnotes":""},"class_list":["post-2682","page","type-page","status-publish","hentry"],"_links":{"self":[{"href":"https:\/\/proxxter.de\/da\/wp-json\/wp\/v2\/pages\/2682","targetHints":{"allow":["GET"]}}],"collection":[{"href":"https:\/\/proxxter.de\/da\/wp-json\/wp\/v2\/pages"}],"about":[{"href":"https:\/\/proxxter.de\/da\/wp-json\/wp\/v2\/types\/page"}],"author":[{"embeddable":true,"href":"https:\/\/proxxter.de\/da\/wp-json\/wp\/v2\/users\/1"}],"replies":[{"embeddable":true,"href":"https:\/\/proxxter.de\/da\/wp-json\/wp\/v2\/comments?post=2682"}],"version-history":[{"count":5,"href":"https:\/\/proxxter.de\/da\/wp-json\/wp\/v2\/pages\/2682\/revisions"}],"predecessor-version":[{"id":2987,"href":"https:\/\/proxxter.de\/da\/wp-json\/wp\/v2\/pages\/2682\/revisions\/2987"}],"wp:attachment":[{"href":"https:\/\/proxxter.de\/da\/wp-json\/wp\/v2\/media?parent=2682"}],"curies":[{"name":"wp","href":"https:\/\/api.w.org\/{rel}","templated":true}]}}